{"id":17,"date":"2019-03-21T21:53:19","date_gmt":"2019-03-22T03:53:19","guid":{"rendered":"http:\/\/www.medicinappt.com\/?page_id=17"},"modified":"2021-07-25T10:46:25","modified_gmt":"2021-07-25T16:46:25","slug":"inicio","status":"publish","type":"page","link":"https:\/\/www.medicinappt.com\/","title":{"rendered":"Home"},"content":{"rendered":"\n<div class=\"wp-block-image\"><figure class=\"aligncenter size-large\"><a href=\"https:\/\/www.medicinappt.com\/?page_id=1244\" target=\"_blank\" rel=\"noreferrer noopener\"><img loading=\"lazy\" decoding=\"async\" width=\"1920\" height=\"300\" src=\"https:\/\/www.medicinappt.com\/wp-content\/uploads\/2020\/03\/40.jpg\" alt=\"\" class=\"wp-image-1122\"\/><\/a><\/figure><\/div>\n\n\n\n<p class=\"has-vivid-cyan-blue-color has-text-color\" style=\"font-size:28px\"><strong>\u00a1Bienvenido a MEDICINA PPT!<\/strong><\/p>\n\n\n\n<p class=\"has-very-dark-gray-color has-text-color has-medium-font-size\"><strong>Recursos de estudio y repaso para m\u00e9dicos, enfermeros, estudiantes del \u00e1rea de la salud y otros sanitarios.<\/strong><\/p>\n\n\n\n<p class=\"has-very-dark-gray-color has-text-color\">Somos un equipo de m\u00e9dicos interesados en facilitar el estudio y aprendizaje actualizado del \u00e1rea sanitaria mediante la publicaci\u00f3n de recursos con enfoque did\u00e1ctico.<\/p>\n\n\n\n<p class=\"has-very-dark-gray-color has-text-color\">Medicina PPT surge como un proyecto de estudio a partir de nuestra preparaci\u00f3n para ejercer la Educaci\u00f3n a Nivel Superior.<\/p>\n\n\n\n<div class=\"wp-block-media-text alignwide is-stacked-on-mobile\" style=\"grid-template-columns:39% auto\"><figure class=\"wp-block-media-text__media\"><img loading=\"lazy\" decoding=\"async\" width=\"640\" height=\"426\" src=\"http:\/\/www.medicinappt.com\/wp-content\/uploads\/2019\/03\/analysis-1841158_640.jpg\" alt=\"\" class=\"wp-image-204 size-full\" srcset=\"https:\/\/www.medicinappt.com\/wp-content\/uploads\/2019\/03\/analysis-1841158_640.jpg 640w, https:\/\/www.medicinappt.com\/wp-content\/uploads\/2019\/03\/analysis-1841158_640-300x200.jpg 300w\" sizes=\"(max-width: 640px) 100vw, 640px\" \/><\/figure><div class=\"wp-block-media-text__content\">\n<p class=\"has-very-dark-gray-color has-text-color\">Encontrar\u00e1s gran cantidad de medios que te ser\u00e1n \u00fatiles, entre ellos:<\/p>\n\n\n\n<ul><li>Presentaciones Power Point<\/li><li>Cuadros comparativos<\/li><li>Mapas conceptuales<\/li><li>Algoritmos diagn\u00f3sticos y terap\u00e9uticos<\/li><li>Gu\u00edas y publicaciones internacionales<\/li><li>Esquemas did\u00e1cticos en general&#8230;<\/li><\/ul>\n\n\n\n<p class=\"has-very-dark-gray-color has-text-color\">Nos proponemos actualizar peri\u00f3dicamente nuestro contenido para que est\u00e9 al d\u00eda y sea de beneficio.<\/p>\n<\/div><\/div>\n\n\n\n<p>         Indiscutiblemente la tecnolog\u00eda aplicada en los procesos de ense\u00f1anza-aprendizaje ha evolucionado el mundo de la educaci\u00f3n. Por estas razones decidimos proyectarnos mediante una comunidad para los estudiantes, docentes y profesionales de la salud. <\/p>\n\n\n\n<div class=\"wp-block-media-text alignwide has-media-on-the-right is-stacked-on-mobile\" style=\"grid-template-columns:auto 27%\"><figure class=\"wp-block-media-text__media\"><img loading=\"lazy\" decoding=\"async\" width=\"350\" height=\"232\" src=\"http:\/\/www.medicinappt.com\/wp-content\/uploads\/2019\/03\/PC-celular-cuaderno.jpg\" alt=\"\" class=\"wp-image-190 size-full\" srcset=\"https:\/\/www.medicinappt.com\/wp-content\/uploads\/2019\/03\/PC-celular-cuaderno.jpg 350w, https:\/\/www.medicinappt.com\/wp-content\/uploads\/2019\/03\/PC-celular-cuaderno-300x199.jpg 300w\" sizes=\"(max-width: 350px) 100vw, 350px\" \/><\/figure><div class=\"wp-block-media-text__content\">\n<p class=\"has-very-dark-gray-color has-text-color\">Tratamos de aprovechar todos los recursos visuales a la mano para compartir informaci\u00f3n confiable y actual. La idea es que nuestro tiempo sea aprovechado al m\u00e1ximo.<\/p>\n\n\n\n<p class=\"has-text-align-center has-medium-font-size\"><strong>\u00a1S\u00edguenos en Facebook, Instagram y Pinterest!<\/strong><\/p>\n\n\n\n<p class=\"has-text-align-center has-very-dark-gray-color has-text-color\">Encu\u00e9ntranos como: <strong>@medicinappt<\/strong><\/p>\n\n\n\n<p class=\"has-very-dark-gray-color has-text-color\">Explora nuestro sitio web y nuestras redes sociales.<\/p>\n<\/div><\/div>\n\n\n\n<div class=\"wp-block-image\"><figure class=\"aligncenter size-large is-resized\"><a href=\"https:\/\/www.instagram.com\/medicinappt\" target=\"_blank\" rel=\"noreferrer noopener\"><img loading=\"lazy\" decoding=\"async\" src=\"http:\/\/www.medicinappt.com\/wp-content\/uploads\/2019\/11\/Instagram.png\" alt=\"\" class=\"wp-image-640\" width=\"92\" height=\"92\"\/><\/a><\/figure><\/div>\n\n\n\n<p class=\"has-text-align-center\">S\u00edguenos en Instagram haciendo cl\u00edck <em><a rel=\"noreferrer noopener\" aria-label=\" (se abre en una nueva pesta\u00f1a)\" href=\"https:\/\/www.instagram.com\/medicinappt\" target=\"_blank\">aqu\u00ed<\/a><\/em><\/p>\n\n\n\n<p class=\"has-text-align-center\"><strong><em>NOTA<\/em><\/strong><em>: La informaci\u00f3n disponible en este sitio web est\u00e1 dirigida al profesional de la salud, si usted no lo es le recomendamos que siempre consulte a su m\u00e9dico o profesional af\u00edn. Gracias por su visita.<\/em><\/p>\n\n\n\n<body>\n<script async src=\"https:\/\/pagead2.googlesyndication.com\/pagead\/js\/adsbygoogle.js?client=ca-pub-8429542657056193\"\n     crossorigin=\"anonymous\"><\/script>\n<ins class=\"adsbygoogle\"\n     style=\"display:block\"\n     data-ad-format=\"fluid\"\n     data-ad-layout-key=\"-6f+ci+41-b-e\"\n     data-ad-client=\"ca-pub-8429542657056193\"\n     data-ad-slot=\"4254241791\"><\/ins>\n<script>\n     (adsbygoogle = window.adsbygoogle || []).push({});\n<\/script>\n<\/body>\n","protected":false},"excerpt":{"rendered":"<p>\u00a1Bienvenido a MEDICINA PPT! Recursos de estudio y repaso para m\u00e9dicos, enfermeros, estudiantes del \u00e1rea de la salud y otros sanitarios. Somos un equipo de m\u00e9dicos interesados en facilitar el estudio y aprendizaje actualizado del \u00e1rea sanitaria mediante la publicaci\u00f3n de recursos con enfoque did\u00e1ctico. Medicina PPT surge como un proyecto de estudio a partir<\/p>\n<p class=\"more-link\"><a href=\"https:\/\/www.medicinappt.com\/\" class=\"themebutton\">Read More<\/a><\/p>\n","protected":false},"author":1,"featured_media":0,"parent":0,"menu_order":0,"comment_status":"closed","ping_status":"closed","template":"","meta":{"ngg_post_thumbnail":0,"footnotes":""},"jetpack_sharing_enabled":true,"_links":{"self":[{"href":"https:\/\/www.medicinappt.com\/index.php?rest_route=\/wp\/v2\/pages\/17"}],"collection":[{"href":"https:\/\/www.medicinappt.com\/index.php?rest_route=\/wp\/v2\/pages"}],"about":[{"href":"https:\/\/www.medicinappt.com\/index.php?rest_route=\/wp\/v2\/types\/page"}],"author":[{"embeddable":true,"href":"https:\/\/www.medicinappt.com\/index.php?rest_route=\/wp\/v2\/users\/1"}],"replies":[{"embeddable":true,"href":"https:\/\/www.medicinappt.com\/index.php?rest_route=%2Fwp%2Fv2%2Fcomments&post=17"}],"version-history":[{"count":97,"href":"https:\/\/www.medicinappt.com\/index.php?rest_route=\/wp\/v2\/pages\/17\/revisions"}],"predecessor-version":[{"id":1819,"href":"https:\/\/www.medicinappt.com\/index.php?rest_route=\/wp\/v2\/pages\/17\/revisions\/1819"}],"wp:attachment":[{"href":"https:\/\/www.medicinappt.com\/index.php?rest_route=%2Fwp%2Fv2%2Fmedia&parent=17"}],"curies":[{"name":"wp","href":"https:\/\/api.w.org\/{rel}","templated":true}]}}