{"id":21,"date":"2019-03-21T21:55:05","date_gmt":"2019-03-22T03:55:05","guid":{"rendered":"http:\/\/www.medicinappt.com\/?page_id=21"},"modified":"2019-11-20T21:51:57","modified_gmt":"2019-11-21T03:51:57","slug":"medicina-general","status":"publish","type":"page","link":"https:\/\/www.medicinappt.com\/?page_id=21","title":{"rendered":"Contacto"},"content":{"rendered":"\n<p class=\"has-text-color has-very-dark-gray-color\">D\u00e9janos saber tu opini\u00f3n, comentario, sugerencia, duda o mensaje a trav\u00e9s del siguiente formulario.  Te responderemos tan pronto como sea posible. Tus comentarios son muy importantes. Gracias por visitarnos y tomarte el tiempo para escribirnos.<\/p>\n\n\n\n<div class=\"caldera-grid\" id=\"caldera_form_1\" data-cf-ver=\"1.9.7\" data-cf-form-id=\"CF5dd607c23ffa2\"><div id=\"caldera_notices_1\" data-spinner=\"https:\/\/www.medicinappt.com\/wp-admin\/images\/spinner.gif\"><\/div><form data-instance=\"1\" class=\"CF5dd607c23ffa2 caldera_forms_form cfajax-trigger\" method=\"POST\" enctype=\"multipart\/form-data\" id=\"CF5dd607c23ffa2_1\" data-form-id=\"CF5dd607c23ffa2\" aria-label=\"Contacto\" data-target=\"#caldera_notices_1\" data-template=\"#cfajax_CF5dd607c23ffa2-tmpl\" data-cfajax=\"CF5dd607c23ffa2\" data-load-element=\"_parent\" data-load-class=\"cf_processing\" data-post-disable=\"0\" data-action=\"cf_process_ajax_submit\" data-request=\"https:\/\/www.medicinappt.com\/?cf_api=CF5dd607c23ffa2\" data-hiderows=\"true\">\r\n<input type=\"hidden\" id=\"_cf_verify_CF5dd607c23ffa2\" name=\"_cf_verify\" value=\"f4e056e3e3\"  data-nonce-time=\"1778070575\" \/><input type=\"hidden\" name=\"_wp_http_referer\" value=\"\/index.php?rest_route=%2Fwp%2Fv2%2Fpages%2F21\" \/><div id=\"cf2-CF5dd607c23ffa2_1\"><\/div><input type=\"hidden\" name=\"_cf_frm_id\" value=\"CF5dd607c23ffa2\">\r\n<input type=\"hidden\" name=\"_cf_frm_ct\" value=\"1\">\r\n<input type=\"hidden\" name=\"cfajax\" value=\"CF5dd607c23ffa2\">\r\n<input type=\"hidden\" name=\"_cf_cr_pst\" value=\"21\">\r\n<div class=\"hide\" style=\"display:none; overflow:hidden;height:0;width:0;\">\r\n<label>Nombre<\/label><input type=\"text\" name=\"name\" value=\"\" autocomplete=\"off\">\r\n<\/div><div id=\"CF5dd607c23ffa2_1-row-1\"  class=\"row  first_row\"><div  class=\"col-sm-12  single\"><div data-field-wrapper=\"fld_29462\" class=\"form-group\" id=\"fld_29462_1-wrap\">\r\n\t<label id=\"fld_29462Label\" for=\"fld_29462_1\" class=\"control-label\">Nombre Completo: <span aria-hidden=\"true\" role=\"presentation\" class=\"field_required\" style=\"color:#ee0000;\">*<\/span><\/label>\r\n\t<div class=\"\">\r\n\t\t<input   required type=\"text\" data-field=\"fld_29462\" class=\" form-control\" id=\"fld_29462_1\" name=\"fld_29462\" value=\"\" data-type=\"text\" aria-required=\"true\"   aria-labelledby=\"fld_29462Label\" >\t\t\t<\/div>\r\n<\/div>\r\n<div data-field-wrapper=\"fld_9463772\" class=\"form-group\" id=\"fld_9463772_1-wrap\">\r\n\t<label id=\"fld_9463772Label\" for=\"fld_9463772_1\" class=\"control-label\">E-mail: <span aria-hidden=\"true\" role=\"presentation\" class=\"field_required\" style=\"color:#ee0000;\">*<\/span><\/label>\r\n\t<div class=\"\">\r\n\t\t<input   required type=\"text\" data-field=\"fld_9463772\" class=\" form-control\" id=\"fld_9463772_1\" name=\"fld_9463772\" value=\"\" data-type=\"text\" aria-required=\"true\"   aria-labelledby=\"fld_9463772Label\" >\t\t\t<\/div>\r\n<\/div>\r\n<\/div><\/div><div id=\"CF5dd607c23ffa2_1-row-2\"  class=\"row \"><div  class=\"col-sm-6  first_col\"><div data-field-wrapper=\"fld_8768091\" class=\"form-group\" id=\"fld_8768091_1-wrap\">\r\n\t<label id=\"fld_8768091Label\" for=\"fld_8768091_1\" class=\"control-label\">Profesi\u00f3n: <span aria-hidden=\"true\" role=\"presentation\" class=\"field_required\" style=\"color:#ee0000;\">*<\/span><\/label>\r\n\t<div class=\"\">\r\n\t\t<input   required type=\"text\" data-field=\"fld_8768091\" class=\" form-control\" id=\"fld_8768091_1\" name=\"fld_8768091\" value=\"\" data-type=\"text\" aria-required=\"true\"   aria-labelledby=\"fld_8768091Label\" >\t\t\t<\/div>\r\n<\/div>\r\n<\/div><div  class=\"col-sm-6  last_col\"><div data-field-wrapper=\"fld_9970286\" class=\"form-group\" id=\"fld_9970286_1-wrap\">\r\n\t<label id=\"fld_9970286Label\" for=\"fld_9970286_1\" class=\"control-label\">Pa\u00eds de residencia: <span aria-hidden=\"true\" role=\"presentation\" class=\"field_required\" style=\"color:#ee0000;\">*<\/span><\/label>\r\n\t<div class=\"\">\r\n\t\t<input   required type=\"text\" data-field=\"fld_9970286\" class=\" form-control\" id=\"fld_9970286_1\" name=\"fld_9970286\" value=\"\" data-type=\"text\" aria-required=\"true\"   aria-labelledby=\"fld_9970286Label\" >\t\t\t<\/div>\r\n<\/div>\r\n<\/div><\/div><div id=\"CF5dd607c23ffa2_1-row-3\"  class=\"row \"><div  class=\"col-sm-12  single\"><div class=\"\"><h2>Tu mensaje es muy importante<\/h2>\n<p>D\u00e9janos tu opini\u00f3n, comentario, sugerencia o duda<\/p>\n<hr>\n<\/div><\/div><\/div><div id=\"CF5dd607c23ffa2_1-row-4\"  class=\"row \"><div  class=\"col-sm-12  single\"><div data-field-wrapper=\"fld_7683514\" class=\"form-group\" id=\"fld_7683514_1-wrap\">\r\n\t<label id=\"fld_7683514Label\" for=\"fld_7683514_1\" class=\"control-label\">Comentarios \/ Preguntas <span aria-hidden=\"true\" role=\"presentation\" class=\"field_required\" style=\"color:#ee0000;\">*<\/span><\/label>\r\n\t<div class=\"\">\r\n\t\t<textarea name=\"fld_7683514\" value=\"\" data-field=\"fld_7683514\" class=\"form-control\" id=\"fld_7683514_1\" rows=\"7\"  required=\"required\"  aria-labelledby=\"fld_7683514Label\" ><\/textarea>\n\t\t\t<\/div>\r\n<\/div>\r\n<\/div><\/div><div id=\"CF5dd607c23ffa2_1-row-5\"  class=\"row  last_row\"><div  class=\"col-sm-12  single\"><div data-field-wrapper=\"fld_7908577\" class=\"form-group\" id=\"fld_7908577_1-wrap\">\r\n<div class=\"\">\r\n\t<input  class=\"btn btn-default\" type=\"submit\" name=\"fld_7908577\" id=\"fld_7908577_1\" value=\"Enviar mensaje\" data-field=\"fld_7908577\"  >\n<\/div>\r\n<\/div>\r\n\t<input class=\"button_trigger_1\" type=\"hidden\" name=\"fld_7908577\" id=\"fld_7908577_1_btn\" value=\"\" data-field=\"fld_7908577\"  \/>\n<\/div><\/div><\/form>\r\n<\/div>\r\n\n","protected":false},"excerpt":{"rendered":"<p>D\u00e9janos saber tu opini\u00f3n, comentario, sugerencia, duda o mensaje a trav\u00e9s del siguiente formulario. Te responderemos tan pronto como sea posible. Tus comentarios son muy importantes. Gracias por visitarnos y tomarte el tiempo para escribirnos.<\/p>\n","protected":false},"author":1,"featured_media":0,"parent":0,"menu_order":0,"comment_status":"closed","ping_status":"closed","template":"","meta":{"ngg_post_thumbnail":0,"footnotes":""},"jetpack_sharing_enabled":true,"_links":{"self":[{"href":"https:\/\/www.medicinappt.com\/index.php?rest_route=\/wp\/v2\/pages\/21"}],"collection":[{"href":"https:\/\/www.medicinappt.com\/index.php?rest_route=\/wp\/v2\/pages"}],"about":[{"href":"https:\/\/www.medicinappt.com\/index.php?rest_route=\/wp\/v2\/types\/page"}],"author":[{"embeddable":true,"href":"https:\/\/www.medicinappt.com\/index.php?rest_route=\/wp\/v2\/users\/1"}],"replies":[{"embeddable":true,"href":"https:\/\/www.medicinappt.com\/index.php?rest_route=%2Fwp%2Fv2%2Fcomments&post=21"}],"version-history":[{"count":20,"href":"https:\/\/www.medicinappt.com\/index.php?rest_route=\/wp\/v2\/pages\/21\/revisions"}],"predecessor-version":[{"id":863,"href":"https:\/\/www.medicinappt.com\/index.php?rest_route=\/wp\/v2\/pages\/21\/revisions\/863"}],"wp:attachment":[{"href":"https:\/\/www.medicinappt.com\/index.php?rest_route=%2Fwp%2Fv2%2Fmedia&parent=21"}],"curies":[{"name":"wp","href":"https:\/\/api.w.org\/{rel}","templated":true}]}}