{"id":373,"date":"2019-04-23T09:49:14","date_gmt":"2019-04-23T15:49:14","guid":{"rendered":"http:\/\/www.medicinappt.com\/?page_id=373"},"modified":"2021-07-25T10:43:44","modified_gmt":"2021-07-25T16:43:44","slug":"tesis","status":"publish","type":"page","link":"https:\/\/www.medicinappt.com\/?page_id=373","title":{"rendered":"Cuestionarios"},"content":{"rendered":"\n<p class=\"has-very-dark-gray-color has-text-color\">En esta secci\u00f3n te presentamos m\u00faltiples cuestionarios acerca de los temas que hemos publicado y que servir\u00e1n para tu estudio y repaso. Te proponemos realices el test antes y despu\u00e9s de revisar el contenido del tema ac\u00e1 publicado para que eval\u00faes tu aprendizaje y a la vez afiances conceptos b\u00e1sicos para la pr\u00e1ctica cl\u00ednica.<\/p>\n\n\n\n<p class=\"has-very-dark-gray-color has-text-color\">Toma en cuenta que en cada cuestionario encontrar\u00e1s un enlace directo para la publicaci\u00f3n con la literatura y esquemas de estudio para facilitarte la navegaci\u00f3n en nuestro sitio.<\/p>\n\n\n\n<p class=\"has-very-dark-gray-color has-text-color\">Encontrar\u00e1s un comentario a manera de discusi\u00f3n de cada una de las preguntas que vayas respondiendo. En caso de tener un comentario te solicitamos nos lo hagas saber mediante el formulario de contacto disponible <strong><em><a rel=\"noreferrer noopener\" aria-label=\" (se abre en una nueva pesta\u00f1a)\" href=\"https:\/\/www.medicinappt.com\/?page_id=21\" target=\"_blank\">aqu\u00ed.<\/a><\/em><\/strong><\/p>\n\n\n\n<p class=\"has-text-align-center has-very-dark-gray-color has-text-color\"><strong>\u00a1Gracias por visitar Medicina PPT y ser parte de nuestra comunidad!<\/strong><\/p>\n\n\n\n<p class=\"has-text-align-center\"> <strong><em>NOTA<\/em><\/strong><em>: La informaci\u00f3n disponible en este sitio web est\u00e1 dirigida al profesional de la salud, si usted no lo es le recomendamos que siempre consulte a su m\u00e9dico o profesional af\u00edn. Gracias por su visita.<\/em> <\/p>\n\n\n\n<body>\n<script async src=\"https:\/\/pagead2.googlesyndication.com\/pagead\/js\/adsbygoogle.js?client=ca-pub-8429542657056193\"\n     crossorigin=\"anonymous\"><\/script>\n<!-- Cuadrado Autom\u00e1tico -->\n<ins class=\"adsbygoogle\"\n     style=\"display:block\"\n     data-ad-client=\"ca-pub-8429542657056193\"\n     data-ad-slot=\"2581728169\"\n     data-ad-format=\"auto\"\n     data-full-width-responsive=\"true\"><\/ins>\n<script>\n     (adsbygoogle = window.adsbygoogle || []).push({});\n<\/script>\n<\/body> \n\n\n\n<style>.wp-show-posts-columns#wpsp-708 {margin-left: -2em; }.wp-show-posts-columns#wpsp-708 .wp-show-posts-inner {margin: 0 0 2em 2em; }<\/style><section id=\"wpsp-708\" class=\" wp-show-posts\" style=\"\"><article class=\" wp-show-posts-single wpsp-clearfix post-1007 post type-post status-publish format-standard has-post-thumbnail hentry category-cuestionarios tag-aleteo-nasal tag-cansancio tag-disnea tag-estreptococos tag-fiebre tag-infeccion tag-neumococo tag-neumonia tag-pediatria tag-pulmones tag-tiraje tag-tos\" itemtype=\"http:\/\/schema.org\/CreativeWork\" itemscope><div class=\"wp-show-posts-inner\" style=\"\">\t\t\t\t\t\t<header class=\"wp-show-posts-entry-header\">\n\t\t\t\t\t\t\t<h2 class=\"wp-show-posts-entry-title\" itemprop=\"headline\"><a href=\"https:\/\/www.medicinappt.com\/?p=1007\" rel=\"bookmark\">Cuestionario: Neumon\u00eda Adquirida en la Comunidad en pacientes pedi\u00e1tricos<\/a><\/h2><div class=\"wp-show-posts-entry-meta wp-show-posts-entry-meta-below-title post-meta-inline\"><span class=\"wp-show-posts-posted-on wp-show-posts-meta\">\n\t\t\t\t\t<a href=\"https:\/\/www.medicinappt.com\/?p=1007\" title=\"6:13 pm\" rel=\"bookmark\"><time class=\"wp-show-posts-entry-date published\" datetime=\"2019-11-30T18:13:00-06:00\" itemprop=\"datePublished\">30 noviembre, 2019<\/time><time class=\"wp-show-posts-updated\" datetime=\"2019-11-30T18:14:45-06:00\" itemprop=\"dateModified\">30 noviembre, 2019<\/time><\/a>\n\t\t\t\t<\/span><\/div>\t\t\t\t\t\t<\/header><!-- .entry-header -->\n\t\t\t\t\t\t\t<div class=\"wp-show-posts-image  wpsp-image-center \">\n\t\t\t<a href=\"https:\/\/www.medicinappt.com\/?p=1007\"  title=\"Cuestionario: Neumon\u00eda Adquirida en la Comunidad en pacientes pedi\u00e1tricos\"><img loading=\"lazy\" decoding=\"async\" width=\"1602\" height=\"460\" src=\"https:\/\/www.medicinappt.com\/wp-content\/uploads\/2019\/11\/Cuestionario-destacada.jpg\" class=\"attachment-full size-full wp-post-image\" alt=\"\" itemprop=\"image\" \/><\/a>\t\t<\/div>\n\t\t<div class=\"wpsp-read-more\"><a title=\"Cuestionario: Neumon\u00eda Adquirida en la Comunidad en pacientes pedi\u00e1tricos\" class=\"wp-show-posts-read-more\" href=\"https:\/\/www.medicinappt.com\/?p=1007\">Responder cuestionario...<\/a><\/div><\/div><!-- wp-show-posts-inner --><div class=\"wpsp-clear\"><\/div><\/article><article class=\" wp-show-posts-single wpsp-clearfix post-906 post type-post status-publish format-standard has-post-thumbnail hentry category-cuestionarios\" itemtype=\"http:\/\/schema.org\/CreativeWork\" itemscope><div class=\"wp-show-posts-inner\" style=\"\">\t\t\t\t\t\t<header class=\"wp-show-posts-entry-header\">\n\t\t\t\t\t\t\t<h2 class=\"wp-show-posts-entry-title\" itemprop=\"headline\"><a href=\"https:\/\/www.medicinappt.com\/?p=906\" rel=\"bookmark\">Cuestionario: Infecci\u00f3n del Tracto Urinario (ITU)<\/a><\/h2><div class=\"wp-show-posts-entry-meta wp-show-posts-entry-meta-below-title post-meta-inline\"><span class=\"wp-show-posts-posted-on wp-show-posts-meta\">\n\t\t\t\t\t<a href=\"https:\/\/www.medicinappt.com\/?p=906\" title=\"9:11 pm\" rel=\"bookmark\"><time class=\"wp-show-posts-entry-date published\" datetime=\"2019-11-23T21:11:19-06:00\" itemprop=\"datePublished\">23 noviembre, 2019<\/time><time class=\"wp-show-posts-updated\" datetime=\"2019-11-23T21:36:17-06:00\" itemprop=\"dateModified\">23 noviembre, 2019<\/time><\/a>\n\t\t\t\t<\/span><\/div>\t\t\t\t\t\t<\/header><!-- .entry-header -->\n\t\t\t\t\t\t\t<div class=\"wp-show-posts-image  wpsp-image-center \">\n\t\t\t<a href=\"https:\/\/www.medicinappt.com\/?p=906\"  title=\"Cuestionario: Infecci\u00f3n del Tracto Urinario (ITU)\"><img loading=\"lazy\" decoding=\"async\" width=\"1920\" height=\"550\" src=\"https:\/\/www.medicinappt.com\/wp-content\/uploads\/2019\/11\/Destacada-cuestionario.jpg\" class=\"attachment-full size-full wp-post-image\" alt=\"\" itemprop=\"image\" \/><\/a>\t\t<\/div>\n\t\t<div class=\"wpsp-read-more\"><a title=\"Cuestionario: Infecci\u00f3n del Tracto Urinario (ITU)\" class=\"wp-show-posts-read-more\" href=\"https:\/\/www.medicinappt.com\/?p=906\">Responder cuestionario...<\/a><\/div><\/div><!-- wp-show-posts-inner --><div class=\"wpsp-clear\"><\/div><\/article><article class=\" wp-show-posts-single wpsp-clearfix post-886 post type-post status-publish format-standard has-post-thumbnail hentry category-cuestionarios\" itemtype=\"http:\/\/schema.org\/CreativeWork\" itemscope><div class=\"wp-show-posts-inner\" style=\"\">\t\t\t\t\t\t<header class=\"wp-show-posts-entry-header\">\n\t\t\t\t\t\t\t<h2 class=\"wp-show-posts-entry-title\" itemprop=\"headline\"><a href=\"https:\/\/www.medicinappt.com\/?p=886\" rel=\"bookmark\">Cuestionario: Dengue<\/a><\/h2><div class=\"wp-show-posts-entry-meta wp-show-posts-entry-meta-below-title post-meta-inline\"><span class=\"wp-show-posts-posted-on wp-show-posts-meta\">\n\t\t\t\t\t<a href=\"https:\/\/www.medicinappt.com\/?p=886\" title=\"1:48 pm\" rel=\"bookmark\"><time class=\"wp-show-posts-entry-date published\" datetime=\"2019-11-21T13:48:36-06:00\" itemprop=\"datePublished\">21 noviembre, 2019<\/time><\/a>\n\t\t\t\t<\/span><\/div>\t\t\t\t\t\t<\/header><!-- .entry-header -->\n\t\t\t\t\t\t\t<div class=\"wp-show-posts-image  wpsp-image-center \">\n\t\t\t<a href=\"https:\/\/www.medicinappt.com\/?p=886\"  title=\"Cuestionario: Dengue\"><img loading=\"lazy\" decoding=\"async\" width=\"1434\" height=\"508\" src=\"https:\/\/www.medicinappt.com\/wp-content\/uploads\/2019\/11\/destacada.jpg\" class=\"attachment-full size-full wp-post-image\" alt=\"\" itemprop=\"image\" \/><\/a>\t\t<\/div>\n\t\t<div class=\"wpsp-read-more\"><a title=\"Cuestionario: Dengue\" class=\"wp-show-posts-read-more\" href=\"https:\/\/www.medicinappt.com\/?p=886\">Responder cuestionario...<\/a><\/div><\/div><!-- wp-show-posts-inner --><div class=\"wpsp-clear\"><\/div><\/article><article class=\" wp-show-posts-single wpsp-clearfix post-819 post type-post status-publish format-standard has-post-thumbnail hentry category-cuestionarios\" itemtype=\"http:\/\/schema.org\/CreativeWork\" itemscope><div class=\"wp-show-posts-inner\" style=\"\">\t\t\t\t\t\t<header class=\"wp-show-posts-entry-header\">\n\t\t\t\t\t\t\t<h2 class=\"wp-show-posts-entry-title\" itemprop=\"headline\"><a href=\"https:\/\/www.medicinappt.com\/?p=819\" rel=\"bookmark\">Cuestionario: Diabetes Mellitus<\/a><\/h2><div class=\"wp-show-posts-entry-meta wp-show-posts-entry-meta-below-title post-meta-inline\"><span class=\"wp-show-posts-posted-on wp-show-posts-meta\">\n\t\t\t\t\t<a href=\"https:\/\/www.medicinappt.com\/?p=819\" title=\"6:50 pm\" rel=\"bookmark\"><time class=\"wp-show-posts-entry-date published\" datetime=\"2019-11-20T18:50:05-06:00\" itemprop=\"datePublished\">20 noviembre, 2019<\/time><time class=\"wp-show-posts-updated\" datetime=\"2019-11-20T18:55:08-06:00\" itemprop=\"dateModified\">20 noviembre, 2019<\/time><\/a>\n\t\t\t\t<\/span><\/div>\t\t\t\t\t\t<\/header><!-- .entry-header -->\n\t\t\t\t\t\t\t<div class=\"wp-show-posts-image  wpsp-image-center \">\n\t\t\t<a href=\"https:\/\/www.medicinappt.com\/?p=819\"  title=\"Cuestionario: Diabetes Mellitus\"><img loading=\"lazy\" decoding=\"async\" width=\"1791\" height=\"347\" src=\"https:\/\/www.medicinappt.com\/wp-content\/uploads\/2019\/11\/cuestionario-destacada.jpg\" class=\"attachment-full size-full wp-post-image\" alt=\"\" itemprop=\"image\" \/><\/a>\t\t<\/div>\n\t\t<div class=\"wpsp-read-more\"><a title=\"Cuestionario: Diabetes Mellitus\" class=\"wp-show-posts-read-more\" href=\"https:\/\/www.medicinappt.com\/?p=819\">Responder cuestionario...<\/a><\/div><\/div><!-- wp-show-posts-inner --><div class=\"wpsp-clear\"><\/div><\/article><article class=\" wp-show-posts-single wpsp-clearfix post-806 post type-post status-publish format-standard has-post-thumbnail hentry category-cuestionarios\" itemtype=\"http:\/\/schema.org\/CreativeWork\" itemscope><div class=\"wp-show-posts-inner\" style=\"\">\t\t\t\t\t\t<header class=\"wp-show-posts-entry-header\">\n\t\t\t\t\t\t\t<h2 class=\"wp-show-posts-entry-title\" itemprop=\"headline\"><a href=\"https:\/\/www.medicinappt.com\/?p=806\" rel=\"bookmark\">Cuestionario: Criterios de Tokio 2018<\/a><\/h2><div class=\"wp-show-posts-entry-meta wp-show-posts-entry-meta-below-title post-meta-inline\"><span class=\"wp-show-posts-posted-on wp-show-posts-meta\">\n\t\t\t\t\t<a href=\"https:\/\/www.medicinappt.com\/?p=806\" title=\"12:50 pm\" rel=\"bookmark\"><time class=\"wp-show-posts-entry-date published\" datetime=\"2019-11-20T12:50:44-06:00\" itemprop=\"datePublished\">20 noviembre, 2019<\/time><time class=\"wp-show-posts-updated\" datetime=\"2019-11-20T19:00:01-06:00\" itemprop=\"dateModified\">20 noviembre, 2019<\/time><\/a>\n\t\t\t\t<\/span><\/div>\t\t\t\t\t\t<\/header><!-- .entry-header -->\n\t\t\t\t\t\t\t<div class=\"wp-show-posts-image  wpsp-image-center \">\n\t\t\t<a href=\"https:\/\/www.medicinappt.com\/?p=806\"  title=\"Cuestionario: Criterios de Tokio 2018\"><img loading=\"lazy\" decoding=\"async\" width=\"1794\" height=\"342\" src=\"https:\/\/www.medicinappt.com\/wp-content\/uploads\/2019\/11\/12.jpg\" class=\"attachment-full size-full wp-post-image\" alt=\"\" itemprop=\"image\" \/><\/a>\t\t<\/div>\n\t\t<div class=\"wpsp-read-more\"><a title=\"Cuestionario: Criterios de Tokio 2018\" class=\"wp-show-posts-read-more\" href=\"https:\/\/www.medicinappt.com\/?p=806\">Responder cuestionario...<\/a><\/div><\/div><!-- wp-show-posts-inner --><div class=\"wpsp-clear\"><\/div><\/article><article class=\" wp-show-posts-single wpsp-clearfix post-711 post type-post status-publish format-standard has-post-thumbnail hentry category-cuestionarios\" itemtype=\"http:\/\/schema.org\/CreativeWork\" itemscope><div class=\"wp-show-posts-inner\" style=\"\">\t\t\t\t\t\t<header class=\"wp-show-posts-entry-header\">\n\t\t\t\t\t\t\t<h2 class=\"wp-show-posts-entry-title\" itemprop=\"headline\"><a href=\"https:\/\/www.medicinappt.com\/?p=711\" rel=\"bookmark\">Cuestionario: Conceptos Generales de antibi\u00f3ticos<\/a><\/h2><div class=\"wp-show-posts-entry-meta wp-show-posts-entry-meta-below-title post-meta-inline\"><span class=\"wp-show-posts-posted-on wp-show-posts-meta\">\n\t\t\t\t\t<a href=\"https:\/\/www.medicinappt.com\/?p=711\" title=\"1:04 pm\" rel=\"bookmark\"><time class=\"wp-show-posts-entry-date published\" datetime=\"2019-11-19T13:04:29-06:00\" itemprop=\"datePublished\">19 noviembre, 2019<\/time><time class=\"wp-show-posts-updated\" datetime=\"2019-11-19T22:17:16-06:00\" itemprop=\"dateModified\">19 noviembre, 2019<\/time><\/a>\n\t\t\t\t<\/span><\/div>\t\t\t\t\t\t<\/header><!-- .entry-header -->\n\t\t\t\t\t\t\t<div class=\"wp-show-posts-image  wpsp-image-center \">\n\t\t\t<a href=\"https:\/\/www.medicinappt.com\/?p=711\"  title=\"Cuestionario: Conceptos Generales de antibi\u00f3ticos\"><img loading=\"lazy\" decoding=\"async\" width=\"1920\" height=\"460\" src=\"https:\/\/www.medicinappt.com\/wp-content\/uploads\/2019\/11\/Cuestionario-Antibioticos-destacada.jpg\" class=\"attachment-full size-full wp-post-image\" alt=\"\" itemprop=\"image\" \/><\/a>\t\t<\/div>\n\t\t<div class=\"wpsp-read-more\"><a title=\"Cuestionario: Conceptos Generales de antibi\u00f3ticos\" class=\"wp-show-posts-read-more\" href=\"https:\/\/www.medicinappt.com\/?p=711\">Responder cuestionario...<\/a><\/div><\/div><!-- wp-show-posts-inner --><div class=\"wpsp-clear\"><\/div><\/article><\/section><!-- .wp-show-posts -->\n\n\n\n<div class=\"wp-block-image\"><figure class=\"aligncenter size-large is-resized\"><img loading=\"lazy\" decoding=\"async\" src=\"http:\/\/www.medicinappt.com\/wp-content\/uploads\/2019\/11\/Logo-PNG-sin-fondo.png\" alt=\"\" class=\"wp-image-750\" width=\"287\" height=\"287\"\/><\/figure><\/div>\n\n\n\n<p class=\"has-text-align-center has-very-dark-gray-color has-text-color\"> <strong>S\u00edguenos en nuestras redes sociales, \u00a1Haz clic sobre el icono en la parte inferior de \u00e9sta p\u00e1gina, s\u00edguenos y d\u00e9janos tu like! \u00a1Gracias!<\/strong> <\/p>\n\n\n\n<p>.<\/p>\n","protected":false},"excerpt":{"rendered":"<p>En esta secci\u00f3n te presentamos m\u00faltiples cuestionarios acerca de los temas que hemos publicado y que servir\u00e1n para tu estudio y repaso. Te proponemos realices el test antes y despu\u00e9s de revisar el contenido del tema ac\u00e1 publicado para que eval\u00faes tu aprendizaje y a la vez afiances conceptos b\u00e1sicos para la pr\u00e1ctica cl\u00ednica. Toma<\/p>\n<p class=\"more-link\"><a href=\"https:\/\/www.medicinappt.com\/?p=711\" class=\"themebutton\">Read More<\/a><\/p>\n","protected":false},"author":1,"featured_media":0,"parent":0,"menu_order":0,"comment_status":"closed","ping_status":"closed","template":"","meta":{"ngg_post_thumbnail":0,"footnotes":""},"jetpack_sharing_enabled":true,"_links":{"self":[{"href":"https:\/\/www.medicinappt.com\/index.php?rest_route=\/wp\/v2\/pages\/373"}],"collection":[{"href":"https:\/\/www.medicinappt.com\/index.php?rest_route=\/wp\/v2\/pages"}],"about":[{"href":"https:\/\/www.medicinappt.com\/index.php?rest_route=\/wp\/v2\/types\/page"}],"author":[{"embeddable":true,"href":"https:\/\/www.medicinappt.com\/index.php?rest_route=\/wp\/v2\/users\/1"}],"replies":[{"embeddable":true,"href":"https:\/\/www.medicinappt.com\/index.php?rest_route=%2Fwp%2Fv2%2Fcomments&post=373"}],"version-history":[{"count":34,"href":"https:\/\/www.medicinappt.com\/index.php?rest_route=\/wp\/v2\/pages\/373\/revisions"}],"predecessor-version":[{"id":1818,"href":"https:\/\/www.medicinappt.com\/index.php?rest_route=\/wp\/v2\/pages\/373\/revisions\/1818"}],"wp:attachment":[{"href":"https:\/\/www.medicinappt.com\/index.php?rest_route=%2Fwp%2Fv2%2Fmedia&parent=373"}],"curies":[{"name":"wp","href":"https:\/\/api.w.org\/{rel}","templated":true}]}}