{"id":583,"date":"2019-11-10T11:22:45","date_gmt":"2019-11-10T17:22:45","guid":{"rendered":"http:\/\/www.medicinappt.com\/?page_id=583"},"modified":"2023-01-30T20:00:42","modified_gmt":"2023-01-31T02:00:42","slug":"sobre-nosotros","status":"publish","type":"page","link":"https:\/\/www.medicinappt.com\/?page_id=583","title":{"rendered":"Sobre Nosotros"},"content":{"rendered":"\n<p class=\"has-vivid-cyan-blue-color has-text-color has-medium-font-size\"><strong>Medicina PPT<\/strong><\/p>\n\n\n\n<p class=\"has-very-dark-gray-color has-text-color\">Nace del inter\u00e9s en la docencia del \u00e1rea de la salud por parte nuestra. Surge durante la preparaci\u00f3n y obtenci\u00f3n de la certificaci\u00f3n para la Educaci\u00f3n a Nivel Superior. Iniciamos con este proyecto en Diciembre de 2018.<\/p>\n\n\n\n<p class=\"has-very-dark-gray-color has-text-color\">Somos un equipo de dos m\u00e9dicos hondure\u00f1os dispuestos a invertir nuestro tiempo libre en facilitar el estudio de la medicina y \u00e1reas relacionadas.<\/p>\n\n\n\n<p class=\"has-text-align-left has-very-dark-gray-color has-text-color\"><strong>\u00bfQui\u00e9nes formamos Medicina PPT?<\/strong><\/p>\n\n\n<div class=\"wp-block-image\">\n<figure class=\"alignleft size-large is-resized\"><img loading=\"lazy\" decoding=\"async\" src=\"http:\/\/www.medicinappt.com\/wp-content\/uploads\/2019\/11\/dr_daniel_almazan_circular_png.png\" alt=\"\" class=\"wp-image-618\" width=\"213\" height=\"213\"\/><figcaption class=\"wp-element-caption\"><strong>Dr. Jos\u00e9 Daniel Almaz\u00e1n<\/strong><br>Dr. en Medicina y Cirug\u00eda<br>M\u00e9dico Especialista en Pediatr\u00eda<br>Diplomado en Formaci\u00f3n Docente del Nivel Superior<\/figcaption><\/figure><\/div>\n\n\n<p class=\"has-very-dark-gray-color has-text-color\">&#8220;Tradicionalmente la docencia en medicina se ha desempe\u00f1ado por mera vocaci\u00f3n. No siempre se cuenta con los conocimientos did\u00e1cticos y metodolog\u00edas del aprendizaje moderno\/actual necesarios. Considero que los m\u00e9dicos que laboran en docencia deben profesionalizar sus bases pedag\u00f3gicas para hacer el aprendizaje m\u00e1s eficiente&#8221;.<\/p>\n\n\n\n<p><\/p>\n\n\n<div class=\"wp-block-image\">\n<figure class=\"alignright size-large is-resized\"><img loading=\"lazy\" decoding=\"async\" src=\"https:\/\/www.medicinappt.com\/wp-content\/uploads\/2020\/10\/dravalle-1.png\" alt=\"\" class=\"wp-image-1772\" width=\"240\" height=\"238\"\/><figcaption class=\"wp-element-caption\"><strong>Dra. Arodys Julianny Valle<\/strong><br>Dra. en Medicina y Cirug\u00eda<br>M\u00e9dico Residente de Medicina Interna<br>Diplomado en Formaci\u00f3n Docente del Nivel Superior<\/figcaption><\/figure><\/div>\n\n\n<p class=\"has-very-dark-gray-color has-text-color\">  &#8220;Las tecnolog\u00edas del aprendizaje y conocimiento se han consolidado actualmente como valiosas herramientas did\u00e1cticas para todos. La innovaci\u00f3n tecnol\u00f3gica y la accesibilidad del usuario han encaminado la ense\u00f1anza moderna a un nuevo panorama para el docente y estudiante. Con Medicina PPT pretendemos hacer uso de todas esas herramientas y que sumado con nuestra experiencia cl\u00ednica constituyen una importante fuente&#8221;.  <\/p>\n\n\n\n<div class=\"wp-block-group is-layout-flow wp-block-group-is-layout-flow\"><div class=\"wp-block-group__inner-container\">\n<p>Agradecemos su visita y les invitamos a difundir nuestro contenido, sitio web y nuestras redes sociales.<\/p>\n<\/div><\/div>\n\n\n\n<p class=\"has-text-align-center\"> D\u00e9janos tu \u00ab<strong>Me gusta<\/strong>\u00bb en Facebook: <\/p>\n\n\n\n<iframe loading=\"lazy\" src=\"https:\/\/www.facebook.com\/plugins\/like.php?href=https%3A%2F%2Fwww.facebook.com%2Fmedicinappt&amp;width=450&amp;layout=standard&amp;action=like&amp;size=small&amp;share=true&amp;height=35&amp;appId\" width=\"450\" height=\"35\" style=\"border:none;overflow:hidden\" scrolling=\"no\" frameborder=\"0\" allowtransparency=\"true\" allow=\"encrypted-media\"><\/iframe>\n\n\n\n<p><\/p>\n","protected":false},"excerpt":{"rendered":"<p>Medicina PPT Nace del inter\u00e9s en la docencia del \u00e1rea de la salud por parte nuestra. Surge durante la preparaci\u00f3n y obtenci\u00f3n de la certificaci\u00f3n para la Educaci\u00f3n a Nivel Superior. Iniciamos con este proyecto en Diciembre de 2018. Somos un equipo de dos m\u00e9dicos hondure\u00f1os dispuestos a invertir nuestro tiempo libre en facilitar el<\/p>\n<p class=\"more-link\"><a href=\"https:\/\/www.medicinappt.com\/?page_id=583\" class=\"themebutton\">Read More<\/a><\/p>\n","protected":false},"author":1,"featured_media":0,"parent":0,"menu_order":0,"comment_status":"closed","ping_status":"closed","template":"","meta":{"ngg_post_thumbnail":0,"footnotes":""},"jetpack_sharing_enabled":true,"_links":{"self":[{"href":"https:\/\/www.medicinappt.com\/index.php?rest_route=\/wp\/v2\/pages\/583"}],"collection":[{"href":"https:\/\/www.medicinappt.com\/index.php?rest_route=\/wp\/v2\/pages"}],"about":[{"href":"https:\/\/www.medicinappt.com\/index.php?rest_route=\/wp\/v2\/types\/page"}],"author":[{"embeddable":true,"href":"https:\/\/www.medicinappt.com\/index.php?rest_route=\/wp\/v2\/users\/1"}],"replies":[{"embeddable":true,"href":"https:\/\/www.medicinappt.com\/index.php?rest_route=%2Fwp%2Fv2%2Fcomments&post=583"}],"version-history":[{"count":58,"href":"https:\/\/www.medicinappt.com\/index.php?rest_route=\/wp\/v2\/pages\/583\/revisions"}],"predecessor-version":[{"id":1916,"href":"https:\/\/www.medicinappt.com\/index.php?rest_route=\/wp\/v2\/pages\/583\/revisions\/1916"}],"wp:attachment":[{"href":"https:\/\/www.medicinappt.com\/index.php?rest_route=%2Fwp%2Fv2%2Fmedia&parent=583"}],"curies":[{"name":"wp","href":"https:\/\/api.w.org\/{rel}","templated":true}]}}