{"id":737,"date":"2019-11-19T23:07:29","date_gmt":"2019-11-20T05:07:29","guid":{"rendered":"http:\/\/www.medicinappt.com\/?page_id=737"},"modified":"2021-07-25T10:50:12","modified_gmt":"2021-07-25T16:50:12","slug":"legal","status":"publish","type":"page","link":"https:\/\/www.medicinappt.com\/?page_id=737","title":{"rendered":"Legal"},"content":{"rendered":"\n<p class=\"has-very-dark-gray-color has-text-color\"><strong><em>Informaci\u00f3n importante:<\/em><\/strong>&nbsp;Los m\u00e9dicos autores de los recursos compartidos a trav\u00e9s de este sitio web se han esforzado por garantizar que cada una de sus publicaciones sean precisas, actualizadas, comprensibles y congruentes con la informaci\u00f3n m\u00e9dica certificada y aceptada como est\u00e1ndar.<\/p>\n\n\n\n<p class=\"has-very-dark-gray-color has-text-color\">Debido a los cambios constantes en la informaci\u00f3n cient\u00edfica de la salud y a otros factores fuera de nuestras manos, solicitamos que los lectores hagan uso del criterio, experiencia, contexto y circunstancias individuales al momento de tomar una decisi\u00f3n en la pr\u00e1ctica cl\u00ednica.<\/p>\n\n\n\n<body>\n<script async src=\"https:\/\/pagead2.googlesyndication.com\/pagead\/js\/adsbygoogle.js?client=ca-pub-8429542657056193\"\n     crossorigin=\"anonymous\"><\/script>\n<ins class=\"adsbygoogle\"\n     style=\"display:block; text-align:center;\"\n     data-ad-layout=\"in-article\"\n     data-ad-format=\"fluid\"\n     data-ad-client=\"ca-pub-8429542657056193\"\n     data-ad-slot=\"9202976830\"><\/ins>\n<script>\n     (adsbygoogle = window.adsbygoogle || []).push({});\n<\/script>\n<\/body> \n\n\n\n<p class=\"has-very-dark-gray-color has-text-color\">El material ac\u00e1 publicado tiene la finalidad de contribuir al aprendizaje en las ciencias de la salud y \u00e1reas relacionadas, en ning\u00fan momento ser sustituto de las decisiones por el personal m\u00e9dico en la atenci\u00f3n de sus pacientes y otras actividades similares.<\/p>\n\n\n\n<p class=\"has-very-dark-gray-color has-text-color\">Aconsejamos a nuestros visitadores, en caso de ser necesario, consultar y comparar con otras fuentes bibliogr\u00e1ficas.<\/p>\n\n\n\n<p class=\"has-very-dark-gray-color has-text-color\">El contenido en <strong>Medicina PPT<\/strong> puede ser informaci\u00f3n proporcionada por terceros u obtenida a trav\u00e9s de enlaces a otros sitios web, brindando la fuente en cada publicaci\u00f3n.<\/p>\n\n\n\n<div class=\"wp-block-image\"><figure class=\"aligncenter size-large is-resized\"><img loading=\"lazy\" decoding=\"async\" src=\"https:\/\/www.medicinappt.com\/wp-content\/uploads\/2019\/11\/Logo-PNG-sin-fondo.png\" alt=\"\" class=\"wp-image-750\" width=\"258\" height=\"258\"\/><\/figure><\/div>\n\n\n\n<p class=\"has-text-align-center has-vivid-cyan-blue-color has-text-color\"><strong>Medicina PPT les agradece por su visita y por pertenecer a nuestra comunidad. \u00a1Gracias!<\/strong><\/p>\n","protected":false},"excerpt":{"rendered":"<p>Informaci\u00f3n importante:&nbsp;Los m\u00e9dicos autores de los recursos compartidos a trav\u00e9s de este sitio web se han esforzado por garantizar que cada una de sus publicaciones sean precisas, actualizadas, comprensibles y congruentes con la informaci\u00f3n m\u00e9dica certificada y aceptada como est\u00e1ndar. Debido a los cambios constantes en la informaci\u00f3n cient\u00edfica de la salud y a otros<\/p>\n<p class=\"more-link\"><a href=\"https:\/\/www.medicinappt.com\/?page_id=737\" class=\"themebutton\">Read More<\/a><\/p>\n","protected":false},"author":1,"featured_media":0,"parent":0,"menu_order":0,"comment_status":"closed","ping_status":"closed","template":"","meta":{"ngg_post_thumbnail":0,"footnotes":""},"jetpack_sharing_enabled":true,"_links":{"self":[{"href":"https:\/\/www.medicinappt.com\/index.php?rest_route=\/wp\/v2\/pages\/737"}],"collection":[{"href":"https:\/\/www.medicinappt.com\/index.php?rest_route=\/wp\/v2\/pages"}],"about":[{"href":"https:\/\/www.medicinappt.com\/index.php?rest_route=\/wp\/v2\/types\/page"}],"author":[{"embeddable":true,"href":"https:\/\/www.medicinappt.com\/index.php?rest_route=\/wp\/v2\/users\/1"}],"replies":[{"embeddable":true,"href":"https:\/\/www.medicinappt.com\/index.php?rest_route=%2Fwp%2Fv2%2Fcomments&post=737"}],"version-history":[{"count":10,"href":"https:\/\/www.medicinappt.com\/index.php?rest_route=\/wp\/v2\/pages\/737\/revisions"}],"predecessor-version":[{"id":1821,"href":"https:\/\/www.medicinappt.com\/index.php?rest_route=\/wp\/v2\/pages\/737\/revisions\/1821"}],"wp:attachment":[{"href":"https:\/\/www.medicinappt.com\/index.php?rest_route=%2Fwp%2Fv2%2Fmedia&parent=737"}],"curies":[{"name":"wp","href":"https:\/\/api.w.org\/{rel}","templated":true}]}}