{"id":756,"date":"2019-11-20T00:06:35","date_gmt":"2019-11-20T06:06:35","guid":{"rendered":"http:\/\/www.medicinappt.com\/?page_id=756"},"modified":"2021-07-25T10:49:33","modified_gmt":"2021-07-25T16:49:33","slug":"permisos","status":"publish","type":"page","link":"https:\/\/www.medicinappt.com\/?page_id=756","title":{"rendered":"Permisos"},"content":{"rendered":"\n<p class=\"has-very-dark-gray-color has-text-color\">El contenido elaborado por Medicina PPT es propiedad de los autores de este sitio web. Ha sido publicado y divulgado desde la misma con el objetivo de facilitar el aprendizaje de las ciencias de la salud y \u00e1reas afines.<\/p>\n\n\n\n<p class=\"has-very-dark-gray-color has-text-color\">Medicina PPT proh\u00edbe la distribuci\u00f3n del contenido ac\u00e1 publicado con fines comerciales, ya sea de manera parcial o total. Nuestro contenido puede ser compartido libremente, sin necesidad de solicitar permisos siempre y cuando se realice sin fines lucrativos, sin modificaciones y se brinde el reconocimiento respectivo citando nuestro sitio como fuente.<\/p>\n\n\n\n<body>\n<script async src=\"https:\/\/pagead2.googlesyndication.com\/pagead\/js\/adsbygoogle.js?client=ca-pub-8429542657056193\"\n     crossorigin=\"anonymous\"><\/script>\n<ins class=\"adsbygoogle\"\n     style=\"display:block; text-align:center;\"\n     data-ad-layout=\"in-article\"\n     data-ad-format=\"fluid\"\n     data-ad-client=\"ca-pub-8429542657056193\"\n     data-ad-slot=\"9202976830\"><\/ins>\n<script>\n     (adsbygoogle = window.adsbygoogle || []).push({});\n<\/script>\n<\/body> \n\n\n\n<p class=\"has-very-dark-gray-color has-text-color\">Cualquier duda o consulta puede contactarnos a trav\u00e9s del formulario de contacto disponible <em><strong><a href=\"https:\/\/www.medicinappt.com\/?page_id=21\">aqu\u00ed.<\/a><\/strong><\/em><\/p>\n\n\n\n<div class=\"wp-block-image\"><figure class=\"aligncenter size-large is-resized\"><img loading=\"lazy\" decoding=\"async\" src=\"http:\/\/www.medicinappt.com\/wp-content\/uploads\/2019\/11\/Logo-PNG-sin-fondo.png\" alt=\"\" class=\"wp-image-750\" width=\"286\" height=\"286\"\/><\/figure><\/div>\n\n\n\n<p class=\"has-text-align-center has-vivid-cyan-blue-color has-text-color\"> <strong>Medicina PPT les agradece por su visita y por pertenecer a nuestra comunidad. \u00a1Gracias!<\/strong> <\/p>\n","protected":false},"excerpt":{"rendered":"<p>El contenido elaborado por Medicina PPT es propiedad de los autores de este sitio web. Ha sido publicado y divulgado desde la misma con el objetivo de facilitar el aprendizaje de las ciencias de la salud y \u00e1reas afines. Medicina PPT proh\u00edbe la distribuci\u00f3n del contenido ac\u00e1 publicado con fines comerciales, ya sea de manera<\/p>\n<p class=\"more-link\"><a href=\"https:\/\/www.medicinappt.com\/?page_id=756\" class=\"themebutton\">Read More<\/a><\/p>\n","protected":false},"author":1,"featured_media":0,"parent":0,"menu_order":0,"comment_status":"closed","ping_status":"closed","template":"","meta":{"ngg_post_thumbnail":0,"footnotes":""},"jetpack_sharing_enabled":true,"_links":{"self":[{"href":"https:\/\/www.medicinappt.com\/index.php?rest_route=\/wp\/v2\/pages\/756"}],"collection":[{"href":"https:\/\/www.medicinappt.com\/index.php?rest_route=\/wp\/v2\/pages"}],"about":[{"href":"https:\/\/www.medicinappt.com\/index.php?rest_route=\/wp\/v2\/types\/page"}],"author":[{"embeddable":true,"href":"https:\/\/www.medicinappt.com\/index.php?rest_route=\/wp\/v2\/users\/1"}],"replies":[{"embeddable":true,"href":"https:\/\/www.medicinappt.com\/index.php?rest_route=%2Fwp%2Fv2%2Fcomments&post=756"}],"version-history":[{"count":4,"href":"https:\/\/www.medicinappt.com\/index.php?rest_route=\/wp\/v2\/pages\/756\/revisions"}],"predecessor-version":[{"id":1820,"href":"https:\/\/www.medicinappt.com\/index.php?rest_route=\/wp\/v2\/pages\/756\/revisions\/1820"}],"wp:attachment":[{"href":"https:\/\/www.medicinappt.com\/index.php?rest_route=%2Fwp%2Fv2%2Fmedia&parent=756"}],"curies":[{"name":"wp","href":"https:\/\/api.w.org\/{rel}","templated":true}]}}